{"id":443,"date":"2024-06-06T14:00:01","date_gmt":"2024-06-06T21:00:01","guid":{"rendered":"http:\/\/wearecreativewest.org\/?page_id=443"},"modified":"2025-11-04T07:55:32","modified_gmt":"2025-11-04T15:55:32","slug":"nghien-cuu-dich-vu-tu-van","status":"publish","type":"page","link":"https:\/\/wearecreativewest.org\/vi\/our-work\/nghien-cuu-dich-vu-tu-van\/","title":{"rendered":"D\u1ecbch v\u1ee5 t\u01b0 v\u1ea5n &amp; nghi\u00ean c\u1ee9u"},"content":{"rendered":"","protected":false},"excerpt":{"rendered":"","protected":false},"author":2,"featured_media":0,"parent":427,"menu_order":0,"comment_status":"closed","ping_status":"closed","template":"","meta":{"_acf_changed":false,"footnotes":""},"class_list":["post-443","page","type-page","status-publish","hentry"],"acf":[],"yoast_head":"<!-- This site is optimized with the Yoast SEO plugin v27.2 - https:\/\/yoast.com\/product\/yoast-seo-wordpress\/ -->\n<title>Consulting Services &amp; Research - Creative West (formerly WESTAF)<\/title>\n<meta name=\"robots\" content=\"index, follow, max-snippet:-1, max-image-preview:large, max-video-preview:-1\" \/>\n<link rel=\"canonical\" href=\"https:\/\/wearecreativewest.org\/vi\/our-work\/nghien-cuu-dich-vu-tu-van\/\" \/>\n<meta property=\"og:locale\" content=\"vi_VN\" \/>\n<meta property=\"og:type\" content=\"article\" \/>\n<meta property=\"og:title\" content=\"Consulting Services &amp; Research - Creative West (formerly WESTAF)\" \/>\n<meta property=\"og:url\" content=\"https:\/\/wearecreativewest.org\/vi\/our-work\/nghien-cuu-dich-vu-tu-van\/\" \/>\n<meta property=\"og:site_name\" content=\"Creative West\" \/>\n<meta property=\"article:modified_time\" content=\"2025-11-04T15:55:32+00:00\" \/>\n<meta name=\"twitter:card\" content=\"summary_large_image\" \/>\n<meta name=\"twitter:label1\" content=\"\u01af\u1edbc t\u00ednh th\u1eddi gian \u0111\u1ecdc\" \/>\n\t<meta name=\"twitter:data1\" content=\"3 ph\u00fat\" \/>\n<script type=\"application\/ld+json\" class=\"yoast-schema-graph\">{\"@context\":\"https:\/\/schema.org\",\"@graph\":[{\"@type\":\"WebPage\",\"@id\":\"https:\/\/wearecreativewest.org\/our-work\/consulting-services-research\/\",\"url\":\"https:\/\/wearecreativewest.org\/our-work\/consulting-services-research\/\",\"name\":\"Consulting Services & Research - Creative West (formerly WESTAF)\",\"isPartOf\":{\"@id\":\"https:\/\/wearecreativewest.org\/#website\"},\"datePublished\":\"2024-06-06T21:00:01+00:00\",\"dateModified\":\"2025-11-04T15:55:32+00:00\",\"breadcrumb\":{\"@id\":\"https:\/\/wearecreativewest.org\/our-work\/consulting-services-research\/#breadcrumb\"},\"inLanguage\":\"vi\",\"potentialAction\":[{\"@type\":\"ReadAction\",\"target\":[\"https:\/\/wearecreativewest.org\/our-work\/consulting-services-research\/\"]}]},{\"@type\":\"BreadcrumbList\",\"@id\":\"https:\/\/wearecreativewest.org\/our-work\/consulting-services-research\/#breadcrumb\",\"itemListElement\":[{\"@type\":\"ListItem\",\"position\":1,\"name\":\"Home\",\"item\":\"https:\/\/wearecreativewest.org\/\"},{\"@type\":\"ListItem\",\"position\":2,\"name\":\"Our Work\",\"item\":\"https:\/\/wearecreativewest.org\/our-work\/\"},{\"@type\":\"ListItem\",\"position\":3,\"name\":\"Consulting Services &#038; Research\"}]},{\"@type\":\"WebSite\",\"@id\":\"https:\/\/wearecreativewest.org\/#website\",\"url\":\"https:\/\/wearecreativewest.org\/\",\"name\":\"Creative West\",\"description\":\"\",\"alternateName\":\"Formerly WESTAF\",\"potentialAction\":[{\"@type\":\"SearchAction\",\"target\":{\"@type\":\"EntryPoint\",\"urlTemplate\":\"https:\/\/wearecreativewest.org\/?s={search_term_string}\"},\"query-input\":{\"@type\":\"PropertyValueSpecification\",\"valueRequired\":true,\"valueName\":\"search_term_string\"}}],\"inLanguage\":\"vi\"}]}<\/script>\n<!-- \/ Yoast SEO plugin. -->","yoast_head_json":{"title":"D\u1ecbch v\u1ee5 t\u01b0 v\u1ea5n &amp; nghi\u00ean c\u1ee9u - Creative West (tr\u01b0\u1edbc \u0111\u00e2y l\u00e0 WESTAF)","robots":{"index":"index","follow":"follow","max-snippet":"max-snippet:-1","max-image-preview":"max-image-preview:large","max-video-preview":"max-video-preview:-1"},"canonical":"https:\/\/wearecreativewest.org\/vi\/our-work\/nghien-cuu-dich-vu-tu-van\/","og_locale":"vi_VN","og_type":"article","og_title":"Consulting Services & Research - Creative West (formerly WESTAF)","og_url":"https:\/\/wearecreativewest.org\/vi\/our-work\/nghien-cuu-dich-vu-tu-van\/","og_site_name":"Creative West","article_modified_time":"2025-11-04T15:55:32+00:00","twitter_card":"summary_large_image","twitter_misc":{"\u01af\u1edbc t\u00ednh th\u1eddi gian \u0111\u1ecdc":"3 ph\u00fat"},"schema":{"@context":"https:\/\/schema.org","@graph":[{"@type":"WebPage","@id":"https:\/\/wearecreativewest.org\/our-work\/consulting-services-research\/","url":"https:\/\/wearecreativewest.org\/our-work\/consulting-services-research\/","name":"D\u1ecbch v\u1ee5 t\u01b0 v\u1ea5n &amp; nghi\u00ean c\u1ee9u - Creative West (tr\u01b0\u1edbc \u0111\u00e2y l\u00e0 WESTAF)","isPartOf":{"@id":"https:\/\/wearecreativewest.org\/#website"},"datePublished":"2024-06-06T21:00:01+00:00","dateModified":"2025-11-04T15:55:32+00:00","breadcrumb":{"@id":"https:\/\/wearecreativewest.org\/our-work\/consulting-services-research\/#breadcrumb"},"inLanguage":"vi","potentialAction":[{"@type":"ReadAction","target":["https:\/\/wearecreativewest.org\/our-work\/consulting-services-research\/"]}]},{"@type":"BreadcrumbList","@id":"https:\/\/wearecreativewest.org\/our-work\/consulting-services-research\/#breadcrumb","itemListElement":[{"@type":"ListItem","position":1,"name":"Home","item":"https:\/\/wearecreativewest.org\/"},{"@type":"ListItem","position":2,"name":"Our Work","item":"https:\/\/wearecreativewest.org\/our-work\/"},{"@type":"ListItem","position":3,"name":"Consulting Services &#038; Research"}]},{"@type":"WebSite","@id":"https:\/\/wearecreativewest.org\/#website","url":"https:\/\/wearecreativewest.org\/","name":"T\u00e2y s\u00e1ng t\u1ea1o","description":"","alternateName":"Formerly WESTAF","potentialAction":[{"@type":"SearchAction","target":{"@type":"EntryPoint","urlTemplate":"https:\/\/wearecreativewest.org\/?s={search_term_string}"},"query-input":{"@type":"PropertyValueSpecification","valueRequired":true,"valueName":"search_term_string"}}],"inLanguage":"vi"}]}},"_links":{"self":[{"href":"https:\/\/wearecreativewest.org\/vi\/wp-json\/wp\/v2\/pages\/443","targetHints":{"allow":["GET"]}}],"collection":[{"href":"https:\/\/wearecreativewest.org\/vi\/wp-json\/wp\/v2\/pages"}],"about":[{"href":"https:\/\/wearecreativewest.org\/vi\/wp-json\/wp\/v2\/types\/page"}],"author":[{"embeddable":true,"href":"https:\/\/wearecreativewest.org\/vi\/wp-json\/wp\/v2\/users\/2"}],"replies":[{"embeddable":true,"href":"https:\/\/wearecreativewest.org\/vi\/wp-json\/wp\/v2\/comments?post=443"}],"version-history":[{"count":75,"href":"https:\/\/wearecreativewest.org\/vi\/wp-json\/wp\/v2\/pages\/443\/revisions"}],"predecessor-version":[{"id":23614,"href":"https:\/\/wearecreativewest.org\/vi\/wp-json\/wp\/v2\/pages\/443\/revisions\/23614"}],"up":[{"embeddable":true,"href":"https:\/\/wearecreativewest.org\/vi\/wp-json\/wp\/v2\/pages\/427"}],"wp:attachment":[{"href":"https:\/\/wearecreativewest.org\/vi\/wp-json\/wp\/v2\/media?parent=443"}],"curies":[{"name":"wp","href":"https:\/\/api.w.org\/{rel}","templated":true}]}}