{"id":486,"date":"2024-06-06T15:22:58","date_gmt":"2024-06-06T22:22:58","guid":{"rendered":"http:\/\/wearecreativewest.org\/?page_id=486"},"modified":"2024-09-11T12:31:52","modified_gmt":"2024-09-11T19:31:52","slug":"strategic-plan","status":"publish","type":"page","link":"https:\/\/wearecreativewest.org\/vi\/about-us\/strategic-plan\/","title":{"rendered":"K\u1ebf ho\u1ea1ch chi\u1ebfn l\u01b0\u1ee3c"},"content":{"rendered":"","protected":false},"excerpt":{"rendered":"","protected":false},"author":2,"featured_media":0,"parent":474,"menu_order":0,"comment_status":"closed","ping_status":"closed","template":"","meta":{"_acf_changed":false,"footnotes":""},"class_list":["post-486","page","type-page","status-publish","hentry"],"acf":[],"yoast_head":"<!-- This site is optimized with the Yoast SEO plugin v27.2 - https:\/\/yoast.com\/product\/yoast-seo-wordpress\/ -->\n<title>Strategic Plan - Creative West (formerly WESTAF)<\/title>\n<meta name=\"robots\" content=\"index, follow, max-snippet:-1, max-image-preview:large, max-video-preview:-1\" \/>\n<link rel=\"canonical\" href=\"https:\/\/wearecreativewest.org\/vi\/about-us\/strategic-plan\/\" \/>\n<meta property=\"og:locale\" content=\"vi_VN\" \/>\n<meta property=\"og:type\" content=\"article\" \/>\n<meta property=\"og:title\" content=\"Strategic Plan - Creative West (formerly WESTAF)\" \/>\n<meta property=\"og:url\" content=\"https:\/\/wearecreativewest.org\/vi\/about-us\/strategic-plan\/\" \/>\n<meta property=\"og:site_name\" content=\"Creative West\" \/>\n<meta property=\"article:modified_time\" content=\"2024-09-11T19:31:52+00:00\" \/>\n<meta name=\"twitter:card\" content=\"summary_large_image\" \/>\n<meta name=\"twitter:label1\" content=\"\u01af\u1edbc t\u00ednh th\u1eddi gian \u0111\u1ecdc\" \/>\n\t<meta name=\"twitter:data1\" content=\"2 ph\u00fat\" \/>\n<script type=\"application\/ld+json\" class=\"yoast-schema-graph\">{\"@context\":\"https:\/\/schema.org\",\"@graph\":[{\"@type\":\"WebPage\",\"@id\":\"https:\/\/wearecreativewest.org\/about-us\/strategic-plan\/\",\"url\":\"https:\/\/wearecreativewest.org\/about-us\/strategic-plan\/\",\"name\":\"Strategic Plan - Creative West (formerly WESTAF)\",\"isPartOf\":{\"@id\":\"https:\/\/wearecreativewest.org\/#website\"},\"datePublished\":\"2024-06-06T22:22:58+00:00\",\"dateModified\":\"2024-09-11T19:31:52+00:00\",\"breadcrumb\":{\"@id\":\"https:\/\/wearecreativewest.org\/about-us\/strategic-plan\/#breadcrumb\"},\"inLanguage\":\"vi\",\"potentialAction\":[{\"@type\":\"ReadAction\",\"target\":[\"https:\/\/wearecreativewest.org\/about-us\/strategic-plan\/\"]}]},{\"@type\":\"BreadcrumbList\",\"@id\":\"https:\/\/wearecreativewest.org\/about-us\/strategic-plan\/#breadcrumb\",\"itemListElement\":[{\"@type\":\"ListItem\",\"position\":1,\"name\":\"Home\",\"item\":\"https:\/\/wearecreativewest.org\/\"},{\"@type\":\"ListItem\",\"position\":2,\"name\":\"About Us\",\"item\":\"https:\/\/wearecreativewest.org\/about-us\/\"},{\"@type\":\"ListItem\",\"position\":3,\"name\":\"Strategic Plan\"}]},{\"@type\":\"WebSite\",\"@id\":\"https:\/\/wearecreativewest.org\/#website\",\"url\":\"https:\/\/wearecreativewest.org\/\",\"name\":\"Creative West\",\"description\":\"\",\"alternateName\":\"Formerly WESTAF\",\"potentialAction\":[{\"@type\":\"SearchAction\",\"target\":{\"@type\":\"EntryPoint\",\"urlTemplate\":\"https:\/\/wearecreativewest.org\/?s={search_term_string}\"},\"query-input\":{\"@type\":\"PropertyValueSpecification\",\"valueRequired\":true,\"valueName\":\"search_term_string\"}}],\"inLanguage\":\"vi\"}]}<\/script>\n<!-- \/ Yoast SEO plugin. -->","yoast_head_json":{"title":"K\u1ebf ho\u1ea1ch chi\u1ebfn l\u01b0\u1ee3c - Creative West (tr\u01b0\u1edbc \u0111\u00e2y l\u00e0 WESTAF)","robots":{"index":"index","follow":"follow","max-snippet":"max-snippet:-1","max-image-preview":"max-image-preview:large","max-video-preview":"max-video-preview:-1"},"canonical":"https:\/\/wearecreativewest.org\/vi\/about-us\/strategic-plan\/","og_locale":"vi_VN","og_type":"article","og_title":"Strategic Plan - Creative West (formerly WESTAF)","og_url":"https:\/\/wearecreativewest.org\/vi\/about-us\/strategic-plan\/","og_site_name":"Creative West","article_modified_time":"2024-09-11T19:31:52+00:00","twitter_card":"summary_large_image","twitter_misc":{"\u01af\u1edbc t\u00ednh th\u1eddi gian \u0111\u1ecdc":"2 ph\u00fat"},"schema":{"@context":"https:\/\/schema.org","@graph":[{"@type":"WebPage","@id":"https:\/\/wearecreativewest.org\/about-us\/strategic-plan\/","url":"https:\/\/wearecreativewest.org\/about-us\/strategic-plan\/","name":"K\u1ebf ho\u1ea1ch chi\u1ebfn l\u01b0\u1ee3c - Creative West (tr\u01b0\u1edbc \u0111\u00e2y l\u00e0 WESTAF)","isPartOf":{"@id":"https:\/\/wearecreativewest.org\/#website"},"datePublished":"2024-06-06T22:22:58+00:00","dateModified":"2024-09-11T19:31:52+00:00","breadcrumb":{"@id":"https:\/\/wearecreativewest.org\/about-us\/strategic-plan\/#breadcrumb"},"inLanguage":"vi","potentialAction":[{"@type":"ReadAction","target":["https:\/\/wearecreativewest.org\/about-us\/strategic-plan\/"]}]},{"@type":"BreadcrumbList","@id":"https:\/\/wearecreativewest.org\/about-us\/strategic-plan\/#breadcrumb","itemListElement":[{"@type":"ListItem","position":1,"name":"Home","item":"https:\/\/wearecreativewest.org\/"},{"@type":"ListItem","position":2,"name":"About Us","item":"https:\/\/wearecreativewest.org\/about-us\/"},{"@type":"ListItem","position":3,"name":"Strategic Plan"}]},{"@type":"WebSite","@id":"https:\/\/wearecreativewest.org\/#website","url":"https:\/\/wearecreativewest.org\/","name":"T\u00e2y s\u00e1ng t\u1ea1o","description":"","alternateName":"Formerly WESTAF","potentialAction":[{"@type":"SearchAction","target":{"@type":"EntryPoint","urlTemplate":"https:\/\/wearecreativewest.org\/?s={search_term_string}"},"query-input":{"@type":"PropertyValueSpecification","valueRequired":true,"valueName":"search_term_string"}}],"inLanguage":"vi"}]}},"_links":{"self":[{"href":"https:\/\/wearecreativewest.org\/vi\/wp-json\/wp\/v2\/pages\/486","targetHints":{"allow":["GET"]}}],"collection":[{"href":"https:\/\/wearecreativewest.org\/vi\/wp-json\/wp\/v2\/pages"}],"about":[{"href":"https:\/\/wearecreativewest.org\/vi\/wp-json\/wp\/v2\/types\/page"}],"author":[{"embeddable":true,"href":"https:\/\/wearecreativewest.org\/vi\/wp-json\/wp\/v2\/users\/2"}],"replies":[{"embeddable":true,"href":"https:\/\/wearecreativewest.org\/vi\/wp-json\/wp\/v2\/comments?post=486"}],"version-history":[{"count":22,"href":"https:\/\/wearecreativewest.org\/vi\/wp-json\/wp\/v2\/pages\/486\/revisions"}],"predecessor-version":[{"id":21908,"href":"https:\/\/wearecreativewest.org\/vi\/wp-json\/wp\/v2\/pages\/486\/revisions\/21908"}],"up":[{"embeddable":true,"href":"https:\/\/wearecreativewest.org\/vi\/wp-json\/wp\/v2\/pages\/474"}],"wp:attachment":[{"href":"https:\/\/wearecreativewest.org\/vi\/wp-json\/wp\/v2\/media?parent=486"}],"curies":[{"name":"wp","href":"https:\/\/api.w.org\/{rel}","templated":true}]}}